{"id":2806,"date":"2013-10-04T15:53:58","date_gmt":"2013-10-04T14:53:58","guid":{"rendered":"http:\/\/www.ankwa-roots.org\/ghana\/?page_id=2806"},"modified":"2024-09-16T18:06:53","modified_gmt":"2024-09-16T17:06:53","slug":"entstehung-2","status":"publish","type":"page","link":"http:\/\/www.ankwa-roots.org\/ghana\/?page_id=2806","title":{"rendered":"\u00dcber uns"},"content":{"rendered":"<p style=\"text-align: justify;\">Ankwa-Roots e.V. f\u00f6rdert in Ghana Projekte, die Mandy und Claas Wiechmann aus Braunschweig in den vergangenen 25 Jahren mit der &#8222;Ananse&#8220; K\u00fcnstlergruppe und &#8222;Kwaabuette&#8220; Musik- und Tanzgruppe aus Accra aufgebaut haben. Hieraus leitet sich auch das Wort &#8222;Ankwa&#8220; ab, die Anfangsbuchstaben von Ananse und Kwaabuette.<\/p>\n<p style=\"text-align: justify;\">Claas lernte beide Gruppen 1997 bei einem Musikprojekt f\u00fcr Kinder in den Armenvierteln Accras kennen. Er war sehr beeindruckt von ihrer ehrenamtlichen Arbeit und versprach ihnen wieder zu kommen, um sie zu unterst\u00fctzen. 10 Jahre f\u00f6rderte er beide Gruppen auf privater Basis, bis er 2007 zusammen mit seiner Frau und Freunden den gemeinn\u00fctzigen Verein Ankwa-Roots e.V. gr\u00fcndete.<\/p>\n<p style=\"text-align: justify;\">In erster Linie f\u00f6rdern wir Musik- und Tanzprojekte f\u00fcr benachteiligte Kinder und Jugendliche in Accra und setzen uns f\u00fcr den Umweltschutz am Strand von Accra ein.<\/p>\n\n<div class=\"wp-block-image\">\n<figure class=\"aligncenter size-full\"><img loading=\"lazy\" decoding=\"async\" width=\"1000\" height=\"731\" src=\"http:\/\/www.ankwa-roots.org\/ghana\/wp-content\/uploads\/2019\/06\/IMG_4287-e1560067526281.jpg\" alt=\"\" class=\"wp-image-4727\"\/><\/figure>\n<\/div>\n\n<div class=\"wp-block-image\">\n<figure class=\"aligncenter size-full\"><img loading=\"lazy\" decoding=\"async\" width=\"512\" height=\"512\" src=\"http:\/\/www.ankwa-roots.org\/ghana\/wp-content\/uploads\/2009\/11\/cropped-logo-webseite-1.jpg\" alt=\"\" class=\"wp-image-4919\" srcset=\"http:\/\/www.ankwa-roots.org\/ghana\/wp-content\/uploads\/2009\/11\/cropped-logo-webseite-1.jpg 512w, http:\/\/www.ankwa-roots.org\/ghana\/wp-content\/uploads\/2009\/11\/cropped-logo-webseite-1-144x144.jpg 144w, http:\/\/www.ankwa-roots.org\/ghana\/wp-content\/uploads\/2009\/11\/cropped-logo-webseite-1-300x300.jpg 300w, http:\/\/www.ankwa-roots.org\/ghana\/wp-content\/uploads\/2009\/11\/cropped-logo-webseite-1-270x270.jpg 270w, http:\/\/www.ankwa-roots.org\/ghana\/wp-content\/uploads\/2009\/11\/cropped-logo-webseite-1-192x192.jpg 192w, http:\/\/www.ankwa-roots.org\/ghana\/wp-content\/uploads\/2009\/11\/cropped-logo-webseite-1-180x180.jpg 180w, http:\/\/www.ankwa-roots.org\/ghana\/wp-content\/uploads\/2009\/11\/cropped-logo-webseite-1-32x32.jpg 32w\" sizes=\"auto, (max-width: 512px) 100vw, 512px\" \/><\/figure>\n<\/div>","protected":false},"excerpt":{"rendered":"<p>Ankwa-Roots e.V. f\u00f6rdert in Ghana Projekte, die Mandy und Claas Wiechmann aus Braunschweig in den vergangenen 25 Jahren mit der &#8222;Ananse&#8220; K\u00fcnstlergruppe und &#8222;Kwaabuette&#8220; Musik- und Tanzgruppe aus Accra aufgebaut haben. Hieraus leitet sich auch das Wort &#8222;Ankwa&#8220; ab, die Anfangsbuchstaben von Ananse und Kwaabuette. Claas lernte beide Gruppen 1997 bei einem Musikprojekt f\u00fcr Kinder [&hellip;]<\/p>\n","protected":false},"author":1,"featured_media":0,"parent":0,"menu_order":5,"comment_status":"closed","ping_status":"closed","template":"","meta":{"footnotes":""},"class_list":["post-2806","page","type-page","status-publish","hentry"],"_links":{"self":[{"href":"http:\/\/www.ankwa-roots.org\/ghana\/index.php?rest_route=\/wp\/v2\/pages\/2806","targetHints":{"allow":["GET"]}}],"collection":[{"href":"http:\/\/www.ankwa-roots.org\/ghana\/index.php?rest_route=\/wp\/v2\/pages"}],"about":[{"href":"http:\/\/www.ankwa-roots.org\/ghana\/index.php?rest_route=\/wp\/v2\/types\/page"}],"author":[{"embeddable":true,"href":"http:\/\/www.ankwa-roots.org\/ghana\/index.php?rest_route=\/wp\/v2\/users\/1"}],"replies":[{"embeddable":true,"href":"http:\/\/www.ankwa-roots.org\/ghana\/index.php?rest_route=%2Fwp%2Fv2%2Fcomments&post=2806"}],"version-history":[{"count":97,"href":"http:\/\/www.ankwa-roots.org\/ghana\/index.php?rest_route=\/wp\/v2\/pages\/2806\/revisions"}],"predecessor-version":[{"id":5982,"href":"http:\/\/www.ankwa-roots.org\/ghana\/index.php?rest_route=\/wp\/v2\/pages\/2806\/revisions\/5982"}],"wp:attachment":[{"href":"http:\/\/www.ankwa-roots.org\/ghana\/index.php?rest_route=%2Fwp%2Fv2%2Fmedia&parent=2806"}],"curies":[{"name":"wp","href":"https:\/\/api.w.org\/{rel}","templated":true}]}}