{"id":77,"date":"2009-12-08T21:09:01","date_gmt":"2009-12-08T20:09:01","guid":{"rendered":"http:\/\/www.ankwa-roots.de\/ghana\/?page_id=77"},"modified":"2026-01-04T17:42:56","modified_gmt":"2026-01-04T16:42:56","slug":"impressum","status":"publish","type":"page","link":"http:\/\/www.ankwa-roots.org\/ghana\/?page_id=77","title":{"rendered":"Impressum"},"content":{"rendered":"<p style=\"text-align: center;\"><strong>Verein:<\/strong> Ankwa-Roots e.V.<\/p>\n<p style=\"text-align: center;\"><strong>1.Vorsitzende: <\/strong>Mandy Wiechmann<\/p>\n<p style=\"text-align: center;\"><strong>Anschrift:<\/strong><\/p>\n<p style=\"text-align: center;\">Kastanienallee 53<\/p>\n<p style=\"text-align: center;\">38104 Braunschweig<\/p>\n<p style=\"text-align: center;\">Telefon: 0151-22839202<\/p>\n<p style=\"text-align: center;\">Email: info@ankwa-roots.de<\/p>\n<p style=\"text-align: center;\"><span style=\"color: #ffffff;\">.<\/span><br \/><strong>Eingetragen beim:<\/strong><\/p>\n<p style=\"text-align: center;\">Amtsgericht Braunschweig, Gesch\u00e4ftsnummer VR 200341<\/p>\n<p style=\"text-align: left;\"><strong>Grafische Gestaltung:<\/strong><\/p>\n<p style=\"text-align: justify;\">F\u00fcr die Inhalte auf dieser Website ist der Ankwa-Roots e.V. verantwortlich. F\u00fcr alle Inhalte (Texte, Grafiken, Animationen, Videos und Bilder) liegen alle Rechte beim Ankwa-Roots e.V.. Die Nutzung der Daten ist nur nach vorheriger schriftlicher Genehmigung von Ankwa-Roots e.V. zul\u00e4ssig.<br \/>Mit Urteil vom 12. Mai 1998 hat das Landgericht Hamburg entschieden, dass man durch die Ausbringung eines Links die Inhalte der gelinkten Seite gegebenenfalls mit zu verantworten hat. Dies kann, so das Landgericht, nur verhindert werden, indem man sich ausdr\u00fccklich von diesen Inhalten distanziert.<br \/>Wir verwenden auf unseren Seiten Links zu anderen Seiten im Internet. Wir haben keinerlei Einfluss auf die vorgenommene Benennung und die auf den Servern publizierten Inhalte!\u2028 Deshalb distanzieren wir uns hiermit ausdr\u00fccklich von allen Inhalten aller gelinkten Seiten; die dort gebotenen Inhalte sind nicht Bestandteil unseres Webangebotes und wir machen uns diese Inhalte nicht zu Eigen!<br \/>Diese Erkl\u00e4rung gilt f\u00fcr alle hier ausgebrachten Links und f\u00fcr alle Inhalte der Seiten, zu denen die Links f\u00fchren. Sollten Sie rechtswidrige oder anders geartete anst\u00f6\u00dfige Links, Beschreibungen oder Inhalte auf\u00a0 http:\/\/www.ankwa-roots.de\/ finden, m\u00f6chten wir Sie bitten, uns dar\u00fcber zu informieren!<\/p>\n<h1>\u00a0<\/h1>\n<h1 class=\"entry-header\"><strong>Datenschutz<\/strong><\/h1>\n<div class=\"entry-content\">\n<p><strong>Datenschutzerkl\u00e4rung<\/strong><\/p>\n<p><strong>Allgemeiner Hinweis und Pflichtinformationen<\/strong><\/p>\n<p><strong>Benennung der verantwortlichen Stelle<\/strong><\/p>\n<p>Die verantwortliche Stelle f\u00fcr die Datenverarbeitung auf dieser Website ist:<\/p>\n<p>Ankwa-Roots e.V.<br \/>Claas Wiechmann<br \/>Kastanienallee 53<br \/>38104 Braunschweig<\/p>\n<p>Die verantwortliche Stelle entscheidet allein oder gemeinsam mit anderen \u00fcber die Zwecke und Mittel der Verarbeitung von personenbezogenen Daten (z.B. Namen, Kontaktdaten o. \u00c4.).<\/p>\n<p><strong>Widerruf Ihrer Einwilligung zur Datenverarbeitung<\/strong><\/p>\n<p>Nur mit Ihrer ausdr\u00fccklichen Einwilligung sind einige Vorg\u00e4nge der Datenverarbeitung m\u00f6glich. Ein Widerruf Ihrer bereits erteilten Einwilligung ist jederzeit m\u00f6glich. F\u00fcr den Widerruf gen\u00fcgt eine formlose Mitteilung per E-Mail. Die Rechtm\u00e4\u00dfigkeit der bis zum Widerruf erfolgten Datenverarbeitung bleibt vom Widerruf unber\u00fchrt.<\/p>\n<p><strong>Recht auf Beschwerde bei der zust\u00e4ndigen Aufsichtsbeh\u00f6rde<\/strong><\/p>\n<p>Als Betroffener steht Ihnen im Falle eines datenschutzrechtlichen Versto\u00dfes ein Beschwerderecht bei der zust\u00e4ndigen Aufsichtsbeh\u00f6rde zu. Zust\u00e4ndige Aufsichtsbeh\u00f6rde bez\u00fcglich datenschutzrechtlicher Fragen ist der Landesdatenschutzbeauftragte des Bundeslandes, in dem sich der Sitz unseres Unternehmens befindet. Der folgende Link stellt eine Liste der Datenschutzbeauftragten sowie deren Kontaktdaten bereit:\u00a0<a href=\"https:\/\/www.bfdi.bund.de\/DE\/Infothek\/Anschriften_Links\/anschriften_links-node.html\" target=\"_blank\" rel=\"noreferrer noopener\">https:\/\/www.bfdi.bund.de\/DE\/Infothek\/Anschriften_Links\/anschriften_links-node.html<\/a>.<\/p>\n<p><strong>Recht auf Daten\u00fcbertragbarkeit<\/strong><\/p>\n<p>Ihnen steht das Recht zu, Daten, die wir auf Grundlage Ihrer Einwilligung oder in Erf\u00fcllung eines Vertrags automatisiert verarbeiten, an sich oder an Dritte aush\u00e4ndigen zu lassen. Die Bereitstellung erfolgt in einem maschinenlesbaren Format. Sofern Sie die direkte \u00dcbertragung der Daten an einen anderen Verantwortlichen verlangen, erfolgt dies nur, soweit es technisch machbar ist.<\/p>\n<p><strong>Recht auf Auskunft, Berichtigung, Sperrung, L\u00f6schung<\/strong><\/p>\n<p>Sie haben jederzeit im Rahmen der geltenden gesetzlichen Bestimmungen das Recht auf unentgeltliche Auskunft \u00fcber Ihre gespeicherten personenbezogenen Daten, Herkunft der Daten, deren Empf\u00e4nger und den Zweck der Datenverarbeitung und ggf. ein Recht auf Berichtigung, Sperrung oder L\u00f6schung dieser Daten. Diesbez\u00fcglich und auch zu weiteren Fragen zum Thema personenbezogene Daten k\u00f6nnen Sie sich jederzeit \u00fcber die im Impressum aufgef\u00fchrten Kontaktm\u00f6glichkeiten an uns wenden.<\/p>\n<p><strong>SSL- bzw. TLS-Verschl\u00fcsselung<\/strong><\/p>\n<p>Aus Sicherheitsgr\u00fcnden und zum Schutz der \u00dcbertragung vertraulicher Inhalte, die Sie an uns als Seitenbetreiber senden, nutzt unsere Website eine SSL-bzw. TLS-Verschl\u00fcsselung. Damit sind Daten, die Sie \u00fcber diese Website \u00fcbermitteln, f\u00fcr Dritte nicht mitlesbar. Sie erkennen eine verschl\u00fcsselte Verbindung an der \u201ehttps:\/\/\u201c Adresszeile Ihres Browsers und am Schloss-Symbol in der Browserzeile.<\/p>\n<p><strong>Server-Log-Dateien<\/strong><\/p>\n<p>In Server-Log-Dateien erhebt und speichert der Provider der Website automatisch Informationen, die Ihr Browser automatisch an uns \u00fcbermittelt. Dies sind:<\/p>\n<ul>\n<li>Besuchte Seite auf unserer Domain<\/li>\n<li>Datum und Uhrzeit der Serveranfrage<\/li>\n<li>Browsertyp und Browserversion<\/li>\n<li>Verwendetes Betriebssystem<\/li>\n<li>Referrer URL<\/li>\n<li>Hostname des zugreifenden Rechners<\/li>\n<li>IP-Adresse<\/li>\n<\/ul>\n<p>Es findet keine Zusammenf\u00fchrung dieser Daten mit anderen Datenquellen statt. Grundlage der Datenverarbeitung bildet Art. 6 Abs. 1 lit. b DSGVO, der die Verarbeitung von Daten zur Erf\u00fcllung eines Vertrags oder vorvertraglicher Ma\u00dfnahmen gestattet.<\/p>\n<p><strong>YouTube<\/strong><\/p>\n<p>F\u00fcr Integration und Darstellung von Videoinhalten nutzt unsere Website Plugins von YouTube. Anbieter des Videoportals ist die YouTube, LLC, 901 Cherry Ave., San Bruno, CA 94066, USA.<\/p>\n<p>Bei Aufruf einer Seite mit integriertem YouTube-Plugin wird eine Verbindung zu den Servern von YouTube hergestellt. YouTube erf\u00e4hrt hierdurch, welche unserer Seiten Sie aufgerufen haben.<\/p>\n<p>YouTube kann Ihr Surfverhalten direkt Ihrem pers\u00f6nlichen Profil zuzuordnen, sollten Sie in Ihrem YouTube Konto eingeloggt sein. Durch vorheriges Ausloggen haben Sie die M\u00f6glichkeit, dies zu unterbinden.<\/p>\n<p>Die Nutzung von YouTube erfolgt im Interesse einer ansprechenden Darstellung unserer Online-Angebote. Dies stellt ein berechtigtes Interesse im Sinne von Art. 6 Abs. 1 lit. f DSGVO dar.<\/p>\n<p>Einzelheiten zum Umgang mit Nutzerdaten finden Sie in der Datenschutzerkl\u00e4rung von YouTube unter:\u00a0<a href=\"https:\/\/www.google.de\/intl\/de\/policies\/privacy\">https:\/\/www.google.de\/intl\/de\/policies\/privacy<\/a>.<\/p>\n<p><strong>Cookies<\/strong><\/p>\n<p>Unsere Website verwendet Cookies. Das sind kleine Textdateien, die Ihr Webbrowser auf Ihrem Endger\u00e4t speichert. Cookies helfen uns dabei, unser Angebot nutzerfreundlicher, effektiver und sicherer zu machen.<\/p>\n<p>Einige Cookies sind \u201cSession-Cookies.\u201d Solche Cookies werden nach Ende Ihrer Browser-Sitzung von selbst gel\u00f6scht. Hingegen bleiben andere Cookies auf Ihrem Endger\u00e4t bestehen, bis Sie diese selbst l\u00f6schen. Solche Cookies helfen uns, Sie bei R\u00fcckkehr auf unserer Website wiederzuerkennen.<\/p>\n<p>Mit einem modernen Webbrowser k\u00f6nnen Sie das Setzen von Cookies \u00fcberwachen, einschr\u00e4nken oder unterbinden. Viele Webbrowser lassen sich so konfigurieren, dass Cookies mit dem Schlie\u00dfen des Programms von selbst gel\u00f6scht werden. Die Deaktivierung von Cookies kann eine eingeschr\u00e4nkte Funktionalit\u00e4t unserer Website zur Folge haben.<\/p>\n<p>as Setzen von Cookies, die zur Aus\u00fcbung elektronischer Kommunikationsvorg\u00e4nge oder der Bereitstellung bestimmter, von Ihnen erw\u00fcnschter Funktionen (z.B. Warenkorb) notwendig sind, erfolgt auf Grundlage von Art. 6 Abs. 1 lit. f DSGVO. Als Betreiber dieser Website haben wir ein berechtigtes Interesse an der Speicherung von Cookies zur technisch fehlerfreien und reibungslosen Bereitstellung unserer Dienste. Sofern die Setzung anderer Cookies (z.B. f\u00fcr Analyse-Funktionen) erfolgt, werden diese in dieser Datenschutzerkl\u00e4rung separat behandelt.<\/p>\n<p>Quelle: Datenschutz-Konfigurator von\u00a0<a href=\"https:\/\/www.mein-datenschutzbeauftragter.de\/\" target=\"_blank\" rel=\"noreferrer noopener\" aria-label=\"mein-datenschutzbeauftragter.de (\u00f6ffnet in neuem Tab)\">mein-datenschutzbeauftragter.de<\/a><\/p>\n<\/div>\n\n<div class=\"wp-block-image\">\n<figure class=\"aligncenter size-full\"><img loading=\"lazy\" decoding=\"async\" width=\"512\" height=\"512\" src=\"http:\/\/www.ankwa-roots.org\/ghana\/wp-content\/uploads\/2009\/11\/cropped-logo-webseite-1.jpg\" alt=\"\" class=\"wp-image-4919\" srcset=\"http:\/\/www.ankwa-roots.org\/ghana\/wp-content\/uploads\/2009\/11\/cropped-logo-webseite-1.jpg 512w, http:\/\/www.ankwa-roots.org\/ghana\/wp-content\/uploads\/2009\/11\/cropped-logo-webseite-1-144x144.jpg 144w, http:\/\/www.ankwa-roots.org\/ghana\/wp-content\/uploads\/2009\/11\/cropped-logo-webseite-1-300x300.jpg 300w, http:\/\/www.ankwa-roots.org\/ghana\/wp-content\/uploads\/2009\/11\/cropped-logo-webseite-1-270x270.jpg 270w, http:\/\/www.ankwa-roots.org\/ghana\/wp-content\/uploads\/2009\/11\/cropped-logo-webseite-1-192x192.jpg 192w, http:\/\/www.ankwa-roots.org\/ghana\/wp-content\/uploads\/2009\/11\/cropped-logo-webseite-1-180x180.jpg 180w, http:\/\/www.ankwa-roots.org\/ghana\/wp-content\/uploads\/2009\/11\/cropped-logo-webseite-1-32x32.jpg 32w\" sizes=\"auto, (max-width: 512px) 100vw, 512px\" \/><\/figure>\n<\/div>","protected":false},"excerpt":{"rendered":"<p>Verein: Ankwa-Roots e.V. 1.Vorsitzende: Mandy Wiechmann Anschrift: Kastanienallee 53 38104 Braunschweig Telefon: 0151-22839202 Email: info@ankwa-roots.de .Eingetragen beim: Amtsgericht Braunschweig, Gesch\u00e4ftsnummer VR 200341 Grafische Gestaltung: F\u00fcr die Inhalte auf dieser Website ist der Ankwa-Roots e.V. verantwortlich. F\u00fcr alle Inhalte (Texte, Grafiken, Animationen, Videos und Bilder) liegen alle Rechte beim Ankwa-Roots e.V.. Die Nutzung der Daten ist [&hellip;]<\/p>\n","protected":false},"author":1,"featured_media":0,"parent":0,"menu_order":8,"comment_status":"closed","ping_status":"closed","template":"","meta":{"footnotes":""},"class_list":["post-77","page","type-page","status-publish","hentry"],"_links":{"self":[{"href":"http:\/\/www.ankwa-roots.org\/ghana\/index.php?rest_route=\/wp\/v2\/pages\/77","targetHints":{"allow":["GET"]}}],"collection":[{"href":"http:\/\/www.ankwa-roots.org\/ghana\/index.php?rest_route=\/wp\/v2\/pages"}],"about":[{"href":"http:\/\/www.ankwa-roots.org\/ghana\/index.php?rest_route=\/wp\/v2\/types\/page"}],"author":[{"embeddable":true,"href":"http:\/\/www.ankwa-roots.org\/ghana\/index.php?rest_route=\/wp\/v2\/users\/1"}],"replies":[{"embeddable":true,"href":"http:\/\/www.ankwa-roots.org\/ghana\/index.php?rest_route=%2Fwp%2Fv2%2Fcomments&post=77"}],"version-history":[{"count":49,"href":"http:\/\/www.ankwa-roots.org\/ghana\/index.php?rest_route=\/wp\/v2\/pages\/77\/revisions"}],"predecessor-version":[{"id":6114,"href":"http:\/\/www.ankwa-roots.org\/ghana\/index.php?rest_route=\/wp\/v2\/pages\/77\/revisions\/6114"}],"wp:attachment":[{"href":"http:\/\/www.ankwa-roots.org\/ghana\/index.php?rest_route=%2Fwp%2Fv2%2Fmedia&parent=77"}],"curies":[{"name":"wp","href":"https:\/\/api.w.org\/{rel}","templated":true}]}}